{"id":32,"date":"2021-02-12T09:32:58","date_gmt":"2021-02-12T08:32:58","guid":{"rendered":"http:\/\/www.preischeid.de\/?page_id=32"},"modified":"2021-02-12T09:32:58","modified_gmt":"2021-02-12T08:32:58","slug":"impressum","status":"publish","type":"page","link":"https:\/\/www.preischeid.de\/?page_id=32","title":{"rendered":"Impressum"},"content":{"rendered":"\n<p>Ortsgemeinde Preischeid<br>\u00fcber<br>Verbandsgemeindeverwaltung Arzfeld<br>Luxemburger Stra\u00dfe 6<br>54687 Arzfeld<br>Telefon: 06550 &#8211; 9740<br>E-Mail: <a href=\"mailto:info@preischeid.de\">info(at)preischeid.de<\/a><br>Internet: www.preischeid.de<\/p>\n\n\n\n<p>Die Ortsgemeinde Preischeid ist eine K\u00f6rperschaft des \u00f6ffentlichen Rechts. Sie wird vertreten durch den Ortsb\u00fcrgermeister.<\/p>\n\n\n\n<p>Haftungshinweis:<br>Trotz sorgf\u00e4ltiger inhaltlicher Kontrolle \u00fcbernehmen wir keine Haftung f\u00fcr die Inhalte externer Links. F\u00fcr den Inhalt der verlinkten Seiten sind ausschlie\u00dflich deren Betreiber verantwortlich!<\/p>\n\n\n\n<p>Autor:<br>Verbandsgemeindeverwaltung Arzfeld<br>E-Mail: <a href=\"mailto:webmaster@preischeid.de\">webmaster(at)preischeid.de<\/a><\/p>\n","protected":false},"excerpt":{"rendered":"<p>Ortsgemeinde Preischeid\u00fcberVerbandsgemeindeverwaltung ArzfeldLuxemburger Stra\u00dfe 654687 ArzfeldTelefon: 06550 &#8211; 9740E-Mail: info(at)preischeid.deInternet: www.preischeid.de Die Ortsgemeinde Preischeid ist eine K\u00f6rperschaft des \u00f6ffentlichen Rechts. Sie wird vertreten durch den Ortsb\u00fcrgermeister. Haftungshinweis:Trotz sorgf\u00e4ltiger inhaltlicher Kontrolle \u00fcbernehmen wir keine Haftung f\u00fcr die Inhalte externer Links. F\u00fcr<\/p>\n","protected":false},"author":1,"featured_media":0,"parent":0,"menu_order":0,"comment_status":"closed","ping_status":"closed","template":"","meta":{"footnotes":""},"class_list":["post-32","page","type-page","status-publish","hentry"],"_links":{"self":[{"href":"https:\/\/www.preischeid.de\/index.php?rest_route=\/wp\/v2\/pages\/32","targetHints":{"allow":["GET"]}}],"collection":[{"href":"https:\/\/www.preischeid.de\/index.php?rest_route=\/wp\/v2\/pages"}],"about":[{"href":"https:\/\/www.preischeid.de\/index.php?rest_route=\/wp\/v2\/types\/page"}],"author":[{"embeddable":true,"href":"https:\/\/www.preischeid.de\/index.php?rest_route=\/wp\/v2\/users\/1"}],"replies":[{"embeddable":true,"href":"https:\/\/www.preischeid.de\/index.php?rest_route=%2Fwp%2Fv2%2Fcomments&post=32"}],"version-history":[{"count":1,"href":"https:\/\/www.preischeid.de\/index.php?rest_route=\/wp\/v2\/pages\/32\/revisions"}],"predecessor-version":[{"id":33,"href":"https:\/\/www.preischeid.de\/index.php?rest_route=\/wp\/v2\/pages\/32\/revisions\/33"}],"wp:attachment":[{"href":"https:\/\/www.preischeid.de\/index.php?rest_route=%2Fwp%2Fv2%2Fmedia&parent=32"}],"curies":[{"name":"wp","href":"https:\/\/api.w.org\/{rel}","templated":true}]}}