{"id":104,"date":"2025-08-11T15:59:47","date_gmt":"2025-08-11T13:59:47","guid":{"rendered":"https:\/\/www.preischeid.de\/?page_id=104"},"modified":"2025-08-11T15:59:48","modified_gmt":"2025-08-11T13:59:48","slug":"barrierefreiheit","status":"publish","type":"page","link":"https:\/\/www.preischeid.de\/?page_id=104","title":{"rendered":"Barrierefreiheit"},"content":{"rendered":"\n<h3 class=\"wp-block-heading\">Erkl\u00e4rung zur Barrierefreiheit<\/h3>\n\n\n\n<p>Die Ortsgemeinde Preischeid ist bem\u00fcht, ihre Website im Einklang mit den nationalen Rechtsvorschriften zur Umsetzung der Richtlinie (EU) 2016\/2102 des Europ\u00e4ischen Parlaments und des Rates barrierefrei, hier der Barriere-Informationstechnik-Verordnung Rheinland-Pfalz (BITV RP) vom 03. Juni 2019, zug\u00e4nglich zu machen. Diese Erkl\u00e4rung zur Barrierefreiheit gilt f\u00fcr die Website www.preischeid.de, nicht jedoch f\u00fcr verlinkte oder per iFrame oder Code eingebettete Angebote oder Dienste.<\/p>\n\n\n\n<h3 class=\"wp-block-heading\"><br>Stand der Vereinbarkeit mit den Anforderungen<\/h3>\n\n\n\n<p>Das von uns eingesetzte Content-Management-System WordPress und das eingesetzte Theme sind im Wesentlichen mit den Vorgaben der BITV 2.0 konform. Diese Website (www.preischeid.de) ist daher \u00fcberwiegend mit den aktuellen Richtlinien zur Barrierefreiheit (BITV 2.0, 2019\/WCAG 2.1) vereinbar.<\/p>\n\n\n\n<h3 class=\"wp-block-heading\"><br>Nicht barrierefreie Inhalte<\/h3>\n\n\n\n<p>Die nachstehend aufgef\u00fchrten Inhalte sind gem\u00e4\u00df der Ausnahme aufgrund von unverh\u00e4ltnism\u00e4\u00dfiger Belastung nach Artikel 5 der Richtlinie (EU) 2016\/2102 nicht vollst\u00e4ndig barrierefrei:<\/p>\n\n\n\n<ul class=\"wp-block-list\">\n<li>&nbsp;&nbsp;&nbsp; Sie verf\u00fcgt nicht \u00fcber eine Version in leichter Sprache.<\/li>\n\n\n\n<li>&nbsp;&nbsp;&nbsp; Sie verf\u00fcgt nicht \u00fcber eine Version in Geb\u00e4rdensprache.<\/li>\n\n\n\n<li>&nbsp;&nbsp;&nbsp; PDF-Dokumente (teilweise)<\/li>\n<\/ul>\n\n\n\n<p>Das Abw\u00e4gungsverfahren nach \u00a7 4 BITV RP und Artikel 5 Abs. 2 der RICHTLINIE (EU) 2016\/2102 DES EUROP\u00c4ISCHEN PARLAMENTS UND DES RATES vom 26. Oktober 2016 wurde durchgef\u00fchrt. Die Abw\u00e4gung hat ergeben, dass ein Nachpflegen der Funktionen bei der aktuell bestehenden Webseite unwirtschaftlich ist, weil hohe Kosten hierf\u00fcr entstehen w\u00fcrden. Die Einbindung eines Templates mit verbesserten barrierefreien Eigenschaften ist f\u00fcr 2024 geplant.<\/p>\n\n\n\n<h3 class=\"wp-block-heading\"><br>Erstellung dieser Erkl\u00e4rung zur Barrierefreiheit<\/h3>\n\n\n\n<p>Diese Erkl\u00e4rung wurde am 24. Juni 2025 erstellt.<\/p>\n\n\n\n<p>Als Methode zur Erstellung der Erkl\u00e4rung wurde die M\u00f6glichkeit der Selbstbewertung nach Artikel 3 Absatz 1 des Durchf\u00fchrungsbeschlusses (EU) 2018\/1523, a), erste Alternative, verwendet.<\/p>\n\n\n\n<p>Die Erkl\u00e4rung wurde zuletzt am 11. August 2025 \u00fcberpr\u00fcft<\/p>\n\n\n\n<h3 class=\"wp-block-heading\"><br>Feedback und Kontaktangaben<\/h3>\n\n\n\n<p>Zust\u00e4ndige Stelle f\u00fcr Fragen zur barrierefreien Zug\u00e4nglichkeit:<\/p>\n\n\n\n<p>Verbandsgemeindeverwaltung Arzfeld<br>Fachbereich 1 \u2013 Organisation und Finanzen<br>Luxemburger Stra\u00dfe 6, 54687 Arzfeld<br>Tel:&nbsp; 06550\/974-110<br><a href=\"javascript:linkTo_UnCryptMailto(%27nbjmup%2BfewAwh.bsagfme%5C%2Fef%27);\">edv(at)vg-arzfeld.de<\/a><\/p>\n\n\n\n<h3 class=\"wp-block-heading\">&nbsp;<br>Durchsetzungsverfahren<\/h3>\n\n\n\n<p>Gem\u00e4\u00df \u00a7 3 Abs. 1 BITV RP ist f\u00fcr das Durchsetzungsverfahren der oder die Landesbeauftragte f\u00fcr die Belange behinderter Menschen des Landes Rheinland-Pfalz zust\u00e4ndig.<\/p>\n\n\n\n<p><strong>Kontakt:<\/strong><\/p>\n\n\n\n<p>Landesbeauftragter f\u00fcr Menschen mit Behinderung<br>Ministerium f\u00fcr Soziales, Arbeit, Gesundheit und Demografie des Landes Rheinland-Pfalz<br>Bauhofstra\u00dfe 9<br>55116 Mainz<\/p>\n\n\n\n<p>Fon: 0 61 31 \/ 16 53 42<br>Fax: 0 61 31 \/ 16 17 53 42<br>E-Mail: <a href=\"javascript:linkTo_UnCryptMailto(%27nbjmup%2BmcAntbhe%5C%2Fsmq%5C%2Fef%27);\">lb(at)msagd.rlp.de<\/a><br><a href=\"https:\/\/inklusion.rlp.de\" target=\"_blank\" rel=\"noreferrer noopener\">https:\/\/inklusion.rlp.de<\/a><\/p>\n\n\n\n<p>Wenn Sie dar\u00fcber hinaus ein Durchsetzungsverfahren anstrengen m\u00f6chten, finden Sie hier die zust\u00e4ndige Stelle:<\/p>\n\n\n\n<p><a href=\"https:\/\/inklusion.rlp.de\/de\/landesbeauftragter-landesteilhabebeirat\/durchsetzungsstelle\/\" target=\"_blank\" rel=\"noreferrer noopener\">Durchsetzungsstelle zur digitalen Barrierefreiheit von \u00f6ffentlichen Stellen in Rheinland-Pfalz sowie Beschreibung des Durchsetzungsverfahrens<\/a><\/p>\n\n\n\n<h3 class=\"wp-block-heading\"><br>Schlichtungsstelle BGG<\/h3>\n\n\n\n<p>Beim Beauftragten der Bundesregierung f\u00fcr die Belange von Menschen mit Behinderungen ist eine Schlichtungsstelle gem. \u00a7 16 BGG eingerichtet worden. Per Antrag kann hier ein Schlichtungsverfahren eingeleitet werden. Die Schlichtungsstelle nach \u00a7 16 BGG hat die Aufgabe, Streitigkeiten zwischen Menschen mit Behinderungen und Tr\u00e4gern \u00f6ffentlicher Gewalt zum Thema Barrierefreiheit au\u00dfergerichtlich beizulegen. Anders als viele Gerichtsverfahren sind Schlichtungsverfahren kostenlos. Es muss kein Rechtsbeistand eingeschaltet werden.<\/p>\n\n\n\n<p>Dabei geht es nicht in erster Linie darum, Gewinner oder Verlierer zu finden, sondern gemeinsam mit Hilfe der Schlichtungsstelle den Konflikt zu l\u00f6sen.<\/p>\n\n\n\n<p>N\u00e4heres zum Ablauf des Schlichtungsverfahrens finden Sie <a href=\"https:\/\/www.schlichtungsstelle-bgg.de\/Webs\/SchliBGG\/DE\/AS\/startseite\/startseite-node.html\" target=\"_blank\" rel=\"noreferrer noopener\">hier<\/a>.<\/p>\n","protected":false},"excerpt":{"rendered":"<p>Erkl\u00e4rung zur Barrierefreiheit Die Ortsgemeinde Preischeid ist bem\u00fcht, ihre Website im Einklang mit den nationalen Rechtsvorschriften zur Umsetzung der Richtlinie (EU) 2016\/2102 des Europ\u00e4ischen Parlaments und des Rates barrierefrei, hier der Barriere-Informationstechnik-Verordnung Rheinland-Pfalz (BITV RP) vom 03. Juni 2019, zug\u00e4nglich<\/p>\n","protected":false},"author":1,"featured_media":0,"parent":0,"menu_order":0,"comment_status":"closed","ping_status":"closed","template":"","meta":{"footnotes":""},"class_list":["post-104","page","type-page","status-publish","hentry"],"_links":{"self":[{"href":"https:\/\/www.preischeid.de\/index.php?rest_route=\/wp\/v2\/pages\/104","targetHints":{"allow":["GET"]}}],"collection":[{"href":"https:\/\/www.preischeid.de\/index.php?rest_route=\/wp\/v2\/pages"}],"about":[{"href":"https:\/\/www.preischeid.de\/index.php?rest_route=\/wp\/v2\/types\/page"}],"author":[{"embeddable":true,"href":"https:\/\/www.preischeid.de\/index.php?rest_route=\/wp\/v2\/users\/1"}],"replies":[{"embeddable":true,"href":"https:\/\/www.preischeid.de\/index.php?rest_route=%2Fwp%2Fv2%2Fcomments&post=104"}],"version-history":[{"count":1,"href":"https:\/\/www.preischeid.de\/index.php?rest_route=\/wp\/v2\/pages\/104\/revisions"}],"predecessor-version":[{"id":105,"href":"https:\/\/www.preischeid.de\/index.php?rest_route=\/wp\/v2\/pages\/104\/revisions\/105"}],"wp:attachment":[{"href":"https:\/\/www.preischeid.de\/index.php?rest_route=%2Fwp%2Fv2%2Fmedia&parent=104"}],"curies":[{"name":"wp","href":"https:\/\/api.w.org\/{rel}","templated":true}]}}